{"id":920,"date":"2022-07-18T09:18:26","date_gmt":"2022-07-18T07:18:26","guid":{"rendered":"http:\/\/reforest.webdesignbs.de\/?page_id=920"},"modified":"2023-06-23T12:06:53","modified_gmt":"2023-06-23T10:06:53","slug":"ueber-uns","status":"publish","type":"page","link":"http:\/\/reforest.webdesignbs.de\/th\/ueber-uns\/","title":{"rendered":"\u00dcber uns"},"content":{"rendered":"<div data-elementor-type=\"wp-page\" data-elementor-id=\"920\" class=\"elementor elementor-920\" data-elementor-post-type=\"page\">\n\t\t\t\t\t\t\t\t\t<section class=\"elementor-section elementor-top-section elementor-element elementor-element-cd20600 elementor-section-boxed elementor-section-height-default elementor-section-height-default\" data-id=\"cd20600\" data-element_type=\"section\">\n\t\t\t\t\t\t<div class=\"elementor-container elementor-column-gap-default\">\n\t\t\t\t\t<div class=\"elementor-column elementor-col-100 elementor-top-column elementor-element elementor-element-1230959\" data-id=\"1230959\" data-element_type=\"column\">\n\t\t\t<div class=\"elementor-widget-wrap elementor-element-populated\">\n\t\t\t\t\t\t\t\t<div class=\"elementor-element elementor-element-cd43dcb elementor-widget elementor-widget-text-editor\" data-id=\"cd43dcb\" data-element_type=\"widget\" data-widget_type=\"text-editor.default\">\n\t\t\t\t<div class=\"elementor-widget-container\">\n\t\t\t<style>\/*! elementor - v3.16.0 - 20-09-2023 *\/\n.elementor-widget-text-editor.elementor-drop-cap-view-stacked .elementor-drop-cap{background-color:#69727d;color:#fff}.elementor-widget-text-editor.elementor-drop-cap-view-framed .elementor-drop-cap{color:#69727d;border:3px solid;background-color:transparent}.elementor-widget-text-editor:not(.elementor-drop-cap-view-default) .elementor-drop-cap{margin-top:8px}.elementor-widget-text-editor:not(.elementor-drop-cap-view-default) .elementor-drop-cap-letter{width:1em;height:1em}.elementor-widget-text-editor .elementor-drop-cap{float:left;text-align:center;line-height:1;font-size:50px}.elementor-widget-text-editor .elementor-drop-cap-letter{display:inline-block}<\/style>\t\t\t\t<p><strong>2018 &#8211; Wie es begann:<\/strong><\/p>\t\t\t\t\t\t<\/div>\n\t\t\t\t<\/div>\n\t\t\t\t\t<\/div>\n\t\t<\/div>\n\t\t\t\t\t\t\t<\/div>\n\t\t<\/section>\n\t\t\t\t<section class=\"elementor-section elementor-top-section elementor-element elementor-element-53b7e7c elementor-section-boxed elementor-section-height-default elementor-section-height-default\" data-id=\"53b7e7c\" data-element_type=\"section\">\n\t\t\t\t\t\t<div class=\"elementor-container elementor-column-gap-default\">\n\t\t\t\t\t<div class=\"elementor-column elementor-col-50 elementor-top-column elementor-element elementor-element-872a8f7\" data-id=\"872a8f7\" data-element_type=\"column\">\n\t\t\t<div class=\"elementor-widget-wrap elementor-element-populated\">\n\t\t\t\t\t\t\t\t<div class=\"elementor-element elementor-element-73ecab2 elementor-widget elementor-widget-image\" data-id=\"73ecab2\" data-element_type=\"widget\" data-widget_type=\"image.default\">\n\t\t\t\t<div class=\"elementor-widget-container\">\n\t\t\t<style>\/*! elementor - v3.16.0 - 20-09-2023 *\/\n.elementor-widget-image{text-align:center}.elementor-widget-image a{display:inline-block}.elementor-widget-image a img[src$=\".svg\"]{width:48px}.elementor-widget-image img{vertical-align:middle;display:inline-block}<\/style>\t\t\t\t\t\t\t\t\t\t\t\t<img loading=\"lazy\" decoding=\"async\" width=\"467\" height=\"351\" src=\"http:\/\/reforest.webdesignbs.de\/wp-content\/uploads\/2022\/05\/Ueber-uns-1.jpg\" class=\"attachment-large size-large wp-image-830\" alt=\"\" srcset=\"http:\/\/reforest.webdesignbs.de\/wp-content\/uploads\/2022\/05\/Ueber-uns-1.jpg 467w, http:\/\/reforest.webdesignbs.de\/wp-content\/uploads\/2022\/05\/Ueber-uns-1-300x225.jpg 300w\" sizes=\"auto, (max-width: 467px) 100vw, 467px\" \/>\t\t\t\t\t\t\t\t\t\t\t\t\t\t\t<\/div>\n\t\t\t\t<\/div>\n\t\t\t\t\t<\/div>\n\t\t<\/div>\n\t\t\t\t<div class=\"elementor-column elementor-col-50 elementor-top-column elementor-element elementor-element-42b0cb2\" data-id=\"42b0cb2\" data-element_type=\"column\">\n\t\t\t<div class=\"elementor-widget-wrap elementor-element-populated\">\n\t\t\t\t\t\t\t\t<div class=\"elementor-element elementor-element-4835a1b elementor-widget elementor-widget-text-editor\" data-id=\"4835a1b\" data-element_type=\"widget\" data-widget_type=\"text-editor.default\">\n\t\t\t\t<div class=\"elementor-widget-container\">\n\t\t\t\t\t\t\t<p><strong>\u201eJeder Marathon beginnt mit einem ersten Schritt.\u201c <\/strong><br \/>Der Grundstein f\u00fcr das Projekt REFOREST-THE-WORLD wurde 2018 mit der Anpflanzung von 1,2 Hektar Tropenwald im Nordwesten Thailands gelegt. Den Ansto\u00df gab der f\u00fcr jeden wahrnehmbare <a href=\"http:\/\/reforest.webdesignbs.de\/th\/mehr-erfahren\/\">Klimawandel<\/a>. Berichte und Reportagen \u00fcber die Bedeutung des Waldes im Kampf gegen den Klimawandel best\u00e4rkten den heutigen Initiator und Mitbegr\u00fcnder J\u00f6rg darin, ein bis dahin landwirtschaftlich genutztes Areal in einen St\u00fcck Tropenwald umzuwandeln. Dieser erste Waldanbau bewirkte ein enormes Erfahrungspotential, er\u00f6ffnete neu Perspektiven und generierte neue Kontakte, so auch zur regionalen Forstbeh\u00f6rde.<\/p>\t\t\t\t\t\t<\/div>\n\t\t\t\t<\/div>\n\t\t\t\t\t<\/div>\n\t\t<\/div>\n\t\t\t\t\t\t\t<\/div>\n\t\t<\/section>\n\t\t\t\t<section class=\"elementor-section elementor-top-section elementor-element elementor-element-77a349e elementor-section-boxed elementor-section-height-default elementor-section-height-default\" data-id=\"77a349e\" data-element_type=\"section\">\n\t\t\t\t\t\t<div class=\"elementor-container elementor-column-gap-default\">\n\t\t\t\t\t<div class=\"elementor-column elementor-col-100 elementor-top-column elementor-element elementor-element-9c1a8da\" data-id=\"9c1a8da\" data-element_type=\"column\">\n\t\t\t<div class=\"elementor-widget-wrap elementor-element-populated\">\n\t\t\t\t\t\t\t\t<div class=\"elementor-element elementor-element-58ae196 elementor-widget elementor-widget-text-editor\" data-id=\"58ae196\" data-element_type=\"widget\" data-widget_type=\"text-editor.default\">\n\t\t\t\t<div class=\"elementor-widget-container\">\n\t\t\t\t\t\t\t<p>Der Zuspruch aus der Bev\u00f6lkerung war durchweg positiv und es stellte sich heraus, dass M\u00f6glichkeiten zur Renaturierung weiterer, riesiger Areale bestehen. Zudem haben Recherchen ergeben, dass in ganz S\u00fcdostasien sehr viel Potential f\u00fcr <a href=\"http:\/\/reforest.webdesignbs.de\/th\/mehr-erfahren\/\">Wiederbewaldung<\/a> und Renaturierung vorhanden ist. Es lag also auf der Hand, diese Potentiale auszusch\u00f6pfen. Was mit einer privaten Initiative begann, sollte sich zu der NGO REFOREST-THE-WORLD n.p.w.t. entwickeln \u2026<\/p>\t\t\t\t\t\t<\/div>\n\t\t\t\t<\/div>\n\t\t\t\t\t<\/div>\n\t\t<\/div>\n\t\t\t\t\t\t\t<\/div>\n\t\t<\/section>\n\t\t\t\t<section class=\"elementor-section elementor-top-section elementor-element elementor-element-f876d2b elementor-section-boxed elementor-section-height-default elementor-section-height-default\" data-id=\"f876d2b\" data-element_type=\"section\">\n\t\t\t\t\t\t<div class=\"elementor-container elementor-column-gap-default\">\n\t\t\t\t\t<div class=\"elementor-column elementor-col-100 elementor-top-column elementor-element elementor-element-9133f52\" data-id=\"9133f52\" data-element_type=\"column\">\n\t\t\t<div class=\"elementor-widget-wrap elementor-element-populated\">\n\t\t\t\t\t\t\t\t<div class=\"elementor-element elementor-element-e0159b1 elementor-widget elementor-widget-text-editor\" data-id=\"e0159b1\" data-element_type=\"widget\" data-widget_type=\"text-editor.default\">\n\t\t\t\t<div class=\"elementor-widget-container\">\n\t\t\t\t\t\t\t<p><strong>2019 &#8211; Die Mission:<\/strong><\/p>\t\t\t\t\t\t<\/div>\n\t\t\t\t<\/div>\n\t\t\t\t\t<\/div>\n\t\t<\/div>\n\t\t\t\t\t\t\t<\/div>\n\t\t<\/section>\n\t\t\t\t<section class=\"elementor-section elementor-top-section elementor-element elementor-element-79c1d6d elementor-section-boxed elementor-section-height-default elementor-section-height-default\" data-id=\"79c1d6d\" data-element_type=\"section\">\n\t\t\t\t\t\t<div class=\"elementor-container elementor-column-gap-default\">\n\t\t\t\t\t<div class=\"elementor-column elementor-col-50 elementor-top-column elementor-element elementor-element-868e167\" data-id=\"868e167\" data-element_type=\"column\">\n\t\t\t<div class=\"elementor-widget-wrap elementor-element-populated\">\n\t\t\t\t\t\t\t\t<div class=\"elementor-element elementor-element-b09d2c9 elementor-widget elementor-widget-image\" data-id=\"b09d2c9\" data-element_type=\"widget\" data-widget_type=\"image.default\">\n\t\t\t\t<div class=\"elementor-widget-container\">\n\t\t\t\t\t\t\t\t\t\t\t\t\t\t\t<img loading=\"lazy\" decoding=\"async\" width=\"522\" height=\"394\" src=\"http:\/\/reforest.webdesignbs.de\/wp-content\/uploads\/2022\/05\/Ueber-uns-2.jpg\" class=\"attachment-large size-large wp-image-831\" alt=\"\" srcset=\"http:\/\/reforest.webdesignbs.de\/wp-content\/uploads\/2022\/05\/Ueber-uns-2.jpg 522w, http:\/\/reforest.webdesignbs.de\/wp-content\/uploads\/2022\/05\/Ueber-uns-2-300x226.jpg 300w\" sizes=\"auto, (max-width: 522px) 100vw, 522px\" \/>\t\t\t\t\t\t\t\t\t\t\t\t\t\t\t<\/div>\n\t\t\t\t<\/div>\n\t\t\t\t\t<\/div>\n\t\t<\/div>\n\t\t\t\t<div class=\"elementor-column elementor-col-50 elementor-top-column elementor-element elementor-element-bd92eb1\" data-id=\"bd92eb1\" data-element_type=\"column\">\n\t\t\t<div class=\"elementor-widget-wrap elementor-element-populated\">\n\t\t\t\t\t\t\t\t<div class=\"elementor-element elementor-element-99328d2 elementor-widget elementor-widget-text-editor\" data-id=\"99328d2\" data-element_type=\"widget\" data-widget_type=\"text-editor.default\">\n\t\t\t\t<div class=\"elementor-widget-container\">\n\t\t\t\t\t\t\t<p><strong>\u201eChancen nutzen!\u201c <\/strong><br \/>Die M\u00f6glichkeiten in S-O-Asien Tropenw\u00e4lder zu renaturieren sind enorm. Allein im Nordwesten Thailands k\u00f6nnen tausende Hektar wieder bewaldet werden. Mit dieser Perspektive vor Augen wurde 2019 die Gr\u00fcndung einer NGO beschlossen. Direkte Kontakte und Pr\u00e4senz vor Ort waren die besten Voraussetzungen daf\u00fcr, das Spenden ausschlie\u00dflich und in vollem Umfang den Projekten der <a href=\"http:\/\/reforest.webdesignbs.de\/th\/mehr-erfahren\/\">Wiederbewaldung<\/a> und Renaturierung zugutekommen. Mit dieser NGO soll JEDER und JEDE durch seine Spende unmittelbar einen aktiven Beitrag zur Bew\u00e4ltigung des Klimawandels leisten k\u00f6nnen.\u00a0<\/p>\t\t\t\t\t\t<\/div>\n\t\t\t\t<\/div>\n\t\t\t\t\t<\/div>\n\t\t<\/div>\n\t\t\t\t\t\t\t<\/div>\n\t\t<\/section>\n\t\t\t\t<section class=\"elementor-section elementor-top-section elementor-element elementor-element-70d8ee7 elementor-section-boxed elementor-section-height-default elementor-section-height-default\" data-id=\"70d8ee7\" data-element_type=\"section\">\n\t\t\t\t\t\t<div class=\"elementor-container elementor-column-gap-default\">\n\t\t\t\t\t<div class=\"elementor-column elementor-col-100 elementor-top-column elementor-element elementor-element-4376908\" data-id=\"4376908\" data-element_type=\"column\">\n\t\t\t<div class=\"elementor-widget-wrap elementor-element-populated\">\n\t\t\t\t\t\t\t\t<div class=\"elementor-element elementor-element-6c9ec04 elementor-widget elementor-widget-text-editor\" data-id=\"6c9ec04\" data-element_type=\"widget\" data-widget_type=\"text-editor.default\">\n\t\t\t\t<div class=\"elementor-widget-container\">\n\t\t\t\t\t\t\t<p>Denn die <a href=\"http:\/\/reforest.webdesignbs.de\/th\/mehr-erfahren\/\">Wiederbewaldung<\/a> ist die effektivste Methode, klimasch\u00e4dliches CO2 aus der Atmosph\u00e4re abzubauen! Die Mission nahm Gestalt an \u2026 <br \/>Dann kam die Pandemie und es wurde absehbar, dass nichts mehr so sein wird wie zuvor. Die Gr\u00fcndung der NGO wurde in jeder Hinsicht ausgebremst. Ehemalige Mitstreiter verloren das Interesse oder mussten sich anderen Aufgaben widmen. Pandemiebedingte Hindernisse verschoben ein ums andere Mal die Gr\u00fcndung der NGO.<\/p>\t\t\t\t\t\t<\/div>\n\t\t\t\t<\/div>\n\t\t\t\t\t<\/div>\n\t\t<\/div>\n\t\t\t\t\t\t\t<\/div>\n\t\t<\/section>\n\t\t\t\t<section class=\"elementor-section elementor-top-section elementor-element elementor-element-79975d3 elementor-section-boxed elementor-section-height-default elementor-section-height-default\" data-id=\"79975d3\" data-element_type=\"section\">\n\t\t\t\t\t\t<div class=\"elementor-container elementor-column-gap-default\">\n\t\t\t\t\t<div class=\"elementor-column elementor-col-100 elementor-top-column elementor-element elementor-element-e1f118b\" data-id=\"e1f118b\" data-element_type=\"column\">\n\t\t\t<div class=\"elementor-widget-wrap elementor-element-populated\">\n\t\t\t\t\t\t\t\t<div class=\"elementor-element elementor-element-158c891 elementor-widget elementor-widget-text-editor\" data-id=\"158c891\" data-element_type=\"widget\" data-widget_type=\"text-editor.default\">\n\t\t\t\t<div class=\"elementor-widget-container\">\n\t\t\t\t\t\t\t<p><strong>2021 &#8211; Es ist geschafft:<\/strong><\/p>\t\t\t\t\t\t<\/div>\n\t\t\t\t<\/div>\n\t\t\t\t\t<\/div>\n\t\t<\/div>\n\t\t\t\t\t\t\t<\/div>\n\t\t<\/section>\n\t\t\t\t<section class=\"elementor-section elementor-top-section elementor-element elementor-element-0b8fe9b elementor-section-boxed elementor-section-height-default elementor-section-height-default\" data-id=\"0b8fe9b\" data-element_type=\"section\">\n\t\t\t\t\t\t<div class=\"elementor-container elementor-column-gap-default\">\n\t\t\t\t\t<div class=\"elementor-column elementor-col-50 elementor-top-column elementor-element elementor-element-32445b0\" data-id=\"32445b0\" data-element_type=\"column\">\n\t\t\t<div class=\"elementor-widget-wrap elementor-element-populated\">\n\t\t\t\t\t\t\t\t<div class=\"elementor-element elementor-element-21f1b23 elementor-widget elementor-widget-image\" data-id=\"21f1b23\" data-element_type=\"widget\" data-widget_type=\"image.default\">\n\t\t\t\t<div class=\"elementor-widget-container\">\n\t\t\t\t\t\t\t\t\t\t\t\t\t\t\t<img loading=\"lazy\" decoding=\"async\" width=\"568\" height=\"427\" src=\"http:\/\/reforest.webdesignbs.de\/wp-content\/uploads\/2022\/05\/Ueber-uns-3.jpg\" class=\"attachment-large size-large wp-image-832\" alt=\"\" srcset=\"http:\/\/reforest.webdesignbs.de\/wp-content\/uploads\/2022\/05\/Ueber-uns-3.jpg 568w, http:\/\/reforest.webdesignbs.de\/wp-content\/uploads\/2022\/05\/Ueber-uns-3-300x226.jpg 300w\" sizes=\"auto, (max-width: 568px) 100vw, 568px\" \/>\t\t\t\t\t\t\t\t\t\t\t\t\t\t\t<\/div>\n\t\t\t\t<\/div>\n\t\t\t\t\t<\/div>\n\t\t<\/div>\n\t\t\t\t<div class=\"elementor-column elementor-col-50 elementor-top-column elementor-element elementor-element-8e96833\" data-id=\"8e96833\" data-element_type=\"column\">\n\t\t\t<div class=\"elementor-widget-wrap elementor-element-populated\">\n\t\t\t\t\t\t\t\t<div class=\"elementor-element elementor-element-48ce2fc elementor-widget elementor-widget-text-editor\" data-id=\"48ce2fc\" data-element_type=\"widget\" data-widget_type=\"text-editor.default\">\n\t\t\t\t<div class=\"elementor-widget-container\">\n\t\t\t\t\t\t\t<p><strong>\u201eAusdauer macht sich bezahlt.\u201c <\/strong><br \/>Eine der Wenigen, die die Hoffnung nie aufgaben, war Katharina. Mit ihrem Einsatz und ihrer Beharrlichkeit konnten die b\u00fcrokratischen H\u00fcrden bew\u00e4ltigt und Ende 2021 die Gr\u00fcndung der gemeinn\u00fctzigen UG &gt;REFOREST-THE-WORLD n.p.w.t.&lt; abgeschlossen werden. Seitdem haben sich neue Mitstreiter und viele Unterst\u00fctzer angeschlossen und nun k\u00f6nnen wir durchstarten&#8230;<\/p>\t\t\t\t\t\t<\/div>\n\t\t\t\t<\/div>\n\t\t\t\t<div class=\"elementor-element elementor-element-2391d3e elementor-widget elementor-widget-text-editor\" data-id=\"2391d3e\" data-element_type=\"widget\" data-widget_type=\"text-editor.default\">\n\t\t\t\t<div class=\"elementor-widget-container\">\n\t\t\t\t\t\t\t<p>\u2026 MIT DEINER HILFE!<\/p>\t\t\t\t\t\t<\/div>\n\t\t\t\t<\/div>\n\t\t\t\t\t<\/div>\n\t\t<\/div>\n\t\t\t\t\t\t\t<\/div>\n\t\t<\/section>\n\t\t\t\t<section class=\"elementor-section elementor-top-section elementor-element elementor-element-beafd10 elementor-section-boxed elementor-section-height-default elementor-section-height-default\" data-id=\"beafd10\" data-element_type=\"section\">\n\t\t\t\t\t\t<div class=\"elementor-container elementor-column-gap-default\">\n\t\t\t\t\t<div class=\"elementor-column elementor-col-100 elementor-top-column elementor-element elementor-element-ef38fd2\" data-id=\"ef38fd2\" data-element_type=\"column\">\n\t\t\t<div class=\"elementor-widget-wrap elementor-element-populated\">\n\t\t\t\t\t\t\t\t<div class=\"elementor-element elementor-element-2688b2e elementor-widget elementor-widget-text-editor\" data-id=\"2688b2e\" data-element_type=\"widget\" data-widget_type=\"text-editor.default\">\n\t\t\t\t<div class=\"elementor-widget-container\">\n\t\t\t\t\t\t\t<p>Der <a href=\"http:\/\/reforest.webdesignbs.de\/th\/mehr-erfahren\/\">Klimawandel<\/a> l\u00e4sst sich nicht mehr stoppen, aber wir k\u00f6nnen und m\u00fcssen seine Auswirkungen abmildern. <br \/>Das ist unser aller Verantwortung gegen\u00fcber den folgenden Generationen! <br \/>Mit der Vergr\u00f6\u00dferung des weltweiten Waldbestandes k\u00f6nnen wir dieser Verantwortung gerecht werden.<\/p>\t\t\t\t\t\t<\/div>\n\t\t\t\t<\/div>\n\t\t\t\t\t<\/div>\n\t\t<\/div>\n\t\t\t\t\t\t\t<\/div>\n\t\t<\/section>\n\t\t\t\t\t\t\t<\/div>","protected":false},"excerpt":{"rendered":"<p>2018 &#8211; Wie es begann: \u201eJeder Marathon beginnt mit einem ersten Schritt.\u201c Der Grundstein f\u00fcr das Projekt REFOREST-THE-WORLD wurde 2018 mit der Anpflanzung von 1,2 Hektar Tropenwald im Nordwesten Thailands gelegt. Den Ansto\u00df gab der f\u00fcr jeden wahrnehmbare Klimawandel. Berichte und Reportagen \u00fcber die Bedeutung des Waldes im Kampf gegen den Klimawandel best\u00e4rkten den heutigen [&hellip;]<\/p>","protected":false},"author":1,"featured_media":0,"parent":0,"menu_order":0,"comment_status":"closed","ping_status":"closed","template":"","meta":{"footnotes":""},"class_list":["post-920","page","type-page","status-publish","hentry"],"yoast_head":"<!-- This site is optimized with the Yoast SEO plugin v21.2 - https:\/\/yoast.com\/wordpress\/plugins\/seo\/ -->\n<title>\u00dcber uns - Reforest The World<\/title>\n<meta name=\"robots\" content=\"index, follow, max-snippet:-1, max-image-preview:large, max-video-preview:-1\" \/>\n<link rel=\"canonical\" href=\"http:\/\/reforest.webdesignbs.de\/th\/ueber-uns\/\" \/>\n<meta property=\"og:locale\" content=\"th_TH\" \/>\n<meta property=\"og:type\" content=\"article\" \/>\n<meta property=\"og:title\" content=\"\u00dcber uns - Reforest The World\" \/>\n<meta property=\"og:description\" content=\"2018 &#8211; Wie es begann: \u201eJeder Marathon beginnt mit einem ersten Schritt.\u201c Der Grundstein f\u00fcr das Projekt REFOREST-THE-WORLD wurde 2018 mit der Anpflanzung von 1,2 Hektar Tropenwald im Nordwesten Thailands gelegt. Den Ansto\u00df gab der f\u00fcr jeden wahrnehmbare Klimawandel. Berichte und Reportagen \u00fcber die Bedeutung des Waldes im Kampf gegen den Klimawandel best\u00e4rkten den heutigen [&hellip;]\" \/>\n<meta property=\"og:url\" content=\"http:\/\/reforest.webdesignbs.de\/th\/ueber-uns\/\" \/>\n<meta property=\"og:site_name\" content=\"Reforest The World\" \/>\n<meta property=\"article:modified_time\" content=\"2023-06-23T10:06:53+00:00\" \/>\n<meta property=\"og:image\" content=\"https:\/\/reforest-the-world.com\/wp-content\/uploads\/2022\/05\/Ueber-uns-1.jpg\" \/>\n<meta name=\"twitter:card\" content=\"summary_large_image\" \/>\n<meta name=\"twitter:label1\" content=\"Est. reading time\" \/>\n\t<meta name=\"twitter:data1\" content=\"3 \u0e19\u0e32\u0e17\u0e35\" \/>\n<script type=\"application\/ld+json\" class=\"yoast-schema-graph\">{\"@context\":\"https:\/\/schema.org\",\"@graph\":[{\"@type\":\"WebPage\",\"@id\":\"http:\/\/reforest.webdesignbs.de\/ueber-uns\/\",\"url\":\"http:\/\/reforest.webdesignbs.de\/ueber-uns\/\",\"name\":\"\u00dcber uns - Reforest The World\",\"isPartOf\":{\"@id\":\"http:\/\/reforest.webdesignbs.de\/#website\"},\"datePublished\":\"2022-07-18T07:18:26+00:00\",\"dateModified\":\"2023-06-23T10:06:53+00:00\",\"breadcrumb\":{\"@id\":\"http:\/\/reforest.webdesignbs.de\/ueber-uns\/#breadcrumb\"},\"inLanguage\":\"th\",\"potentialAction\":[{\"@type\":\"ReadAction\",\"target\":[\"http:\/\/reforest.webdesignbs.de\/ueber-uns\/\"]}]},{\"@type\":\"BreadcrumbList\",\"@id\":\"http:\/\/reforest.webdesignbs.de\/ueber-uns\/#breadcrumb\",\"itemListElement\":[{\"@type\":\"ListItem\",\"position\":1,\"name\":\"Startseite\",\"item\":\"http:\/\/reforest.webdesignbs.de\/\"},{\"@type\":\"ListItem\",\"position\":2,\"name\":\"\u00dcber uns\"}]},{\"@type\":\"WebSite\",\"@id\":\"http:\/\/reforest.webdesignbs.de\/#website\",\"url\":\"http:\/\/reforest.webdesignbs.de\/\",\"name\":\"Reforest The World\",\"description\":\"Just another WordPress site\",\"potentialAction\":[{\"@type\":\"SearchAction\",\"target\":{\"@type\":\"EntryPoint\",\"urlTemplate\":\"http:\/\/reforest.webdesignbs.de\/?s={search_term_string}\"},\"query-input\":\"required name=search_term_string\"}],\"inLanguage\":\"th\"}]}<\/script>\n<!-- \/ Yoast SEO plugin. -->","yoast_head_json":{"title":"\u00dcber uns - Reforest The World","robots":{"index":"index","follow":"follow","max-snippet":"max-snippet:-1","max-image-preview":"max-image-preview:large","max-video-preview":"max-video-preview:-1"},"canonical":"http:\/\/reforest.webdesignbs.de\/th\/ueber-uns\/","og_locale":"th_TH","og_type":"article","og_title":"\u00dcber uns - Reforest The World","og_description":"2018 &#8211; Wie es begann: \u201eJeder Marathon beginnt mit einem ersten Schritt.\u201c Der Grundstein f\u00fcr das Projekt REFOREST-THE-WORLD wurde 2018 mit der Anpflanzung von 1,2 Hektar Tropenwald im Nordwesten Thailands gelegt. Den Ansto\u00df gab der f\u00fcr jeden wahrnehmbare Klimawandel. Berichte und Reportagen \u00fcber die Bedeutung des Waldes im Kampf gegen den Klimawandel best\u00e4rkten den heutigen [&hellip;]","og_url":"http:\/\/reforest.webdesignbs.de\/th\/ueber-uns\/","og_site_name":"Reforest The World","article_modified_time":"2023-06-23T10:06:53+00:00","og_image":[{"url":"https:\/\/reforest-the-world.com\/wp-content\/uploads\/2022\/05\/Ueber-uns-1.jpg"}],"twitter_card":"summary_large_image","twitter_misc":{"Est. reading time":"3 \u0e19\u0e32\u0e17\u0e35"},"schema":{"@context":"https:\/\/schema.org","@graph":[{"@type":"WebPage","@id":"http:\/\/reforest.webdesignbs.de\/ueber-uns\/","url":"http:\/\/reforest.webdesignbs.de\/ueber-uns\/","name":"\u00dcber uns - Reforest The World","isPartOf":{"@id":"http:\/\/reforest.webdesignbs.de\/#website"},"datePublished":"2022-07-18T07:18:26+00:00","dateModified":"2023-06-23T10:06:53+00:00","breadcrumb":{"@id":"http:\/\/reforest.webdesignbs.de\/ueber-uns\/#breadcrumb"},"inLanguage":"th","potentialAction":[{"@type":"ReadAction","target":["http:\/\/reforest.webdesignbs.de\/ueber-uns\/"]}]},{"@type":"BreadcrumbList","@id":"http:\/\/reforest.webdesignbs.de\/ueber-uns\/#breadcrumb","itemListElement":[{"@type":"ListItem","position":1,"name":"Startseite","item":"http:\/\/reforest.webdesignbs.de\/"},{"@type":"ListItem","position":2,"name":"\u00dcber uns"}]},{"@type":"WebSite","@id":"http:\/\/reforest.webdesignbs.de\/#website","url":"http:\/\/reforest.webdesignbs.de\/","name":"Reforest The World","description":"Just another WordPress site","potentialAction":[{"@type":"SearchAction","target":{"@type":"EntryPoint","urlTemplate":"http:\/\/reforest.webdesignbs.de\/?s={search_term_string}"},"query-input":"required name=search_term_string"}],"inLanguage":"th"}]}},"_links":{"self":[{"href":"http:\/\/reforest.webdesignbs.de\/th\/wp-json\/wp\/v2\/pages\/920","targetHints":{"allow":["GET"]}}],"collection":[{"href":"http:\/\/reforest.webdesignbs.de\/th\/wp-json\/wp\/v2\/pages"}],"about":[{"href":"http:\/\/reforest.webdesignbs.de\/th\/wp-json\/wp\/v2\/types\/page"}],"author":[{"embeddable":true,"href":"http:\/\/reforest.webdesignbs.de\/th\/wp-json\/wp\/v2\/users\/1"}],"replies":[{"embeddable":true,"href":"http:\/\/reforest.webdesignbs.de\/th\/wp-json\/wp\/v2\/comments?post=920"}],"version-history":[{"count":10,"href":"http:\/\/reforest.webdesignbs.de\/th\/wp-json\/wp\/v2\/pages\/920\/revisions"}],"predecessor-version":[{"id":1051,"href":"http:\/\/reforest.webdesignbs.de\/th\/wp-json\/wp\/v2\/pages\/920\/revisions\/1051"}],"wp:attachment":[{"href":"http:\/\/reforest.webdesignbs.de\/th\/wp-json\/wp\/v2\/media?parent=920"}],"curies":[{"name":"wp","href":"https:\/\/api.w.org\/{rel}","templated":true}]}}