{"id":332,"date":"2022-03-07T22:59:59","date_gmt":"2022-03-07T21:59:59","guid":{"rendered":"http:\/\/reforest.webdesignbs.de\/?page_id=332"},"modified":"2022-08-18T09:37:35","modified_gmt":"2022-08-18T07:37:35","slug":"spenden","status":"publish","type":"page","link":"http:\/\/reforest.webdesignbs.de\/th\/spenden\/","title":{"rendered":"Spenden"},"content":{"rendered":"<div data-elementor-type=\"wp-page\" data-elementor-id=\"332\" class=\"elementor elementor-332\" data-elementor-post-type=\"page\">\n\t\t\t\t\t\t\t\t\t<section class=\"elementor-section elementor-top-section elementor-element elementor-element-311ead5 elementor-section-boxed elementor-section-height-default elementor-section-height-default\" data-id=\"311ead5\" data-element_type=\"section\">\n\t\t\t\t\t\t<div class=\"elementor-container elementor-column-gap-default\">\n\t\t\t\t\t<div class=\"elementor-column elementor-col-100 elementor-top-column elementor-element elementor-element-74f1d05\" data-id=\"74f1d05\" data-element_type=\"column\">\n\t\t\t<div class=\"elementor-widget-wrap elementor-element-populated\">\n\t\t\t\t\t\t\t\t<div class=\"elementor-element elementor-element-0593180 elementor-widget elementor-widget-heading\" data-id=\"0593180\" data-element_type=\"widget\" data-widget_type=\"heading.default\">\n\t\t\t\t<div class=\"elementor-widget-container\">\n\t\t\t<style>\/*! elementor - v3.16.0 - 20-09-2023 *\/\n.elementor-heading-title{padding:0;margin:0;line-height:1}.elementor-widget-heading .elementor-heading-title[class*=elementor-size-]>a{color:inherit;font-size:inherit;line-height:inherit}.elementor-widget-heading .elementor-heading-title.elementor-size-small{font-size:15px}.elementor-widget-heading .elementor-heading-title.elementor-size-medium{font-size:19px}.elementor-widget-heading .elementor-heading-title.elementor-size-large{font-size:29px}.elementor-widget-heading .elementor-heading-title.elementor-size-xl{font-size:39px}.elementor-widget-heading .elementor-heading-title.elementor-size-xxl{font-size:59px}<\/style><h1 class=\"elementor-heading-title elementor-size-default\">Spenden - Dein Beitrag f\u00fcr das Klima<\/h1>\t\t<\/div>\n\t\t\t\t<\/div>\n\t\t\t\t<div class=\"elementor-element elementor-element-d2dd6b0 elementor-widget-divider--view-line elementor-widget elementor-widget-divider\" data-id=\"d2dd6b0\" data-element_type=\"widget\" data-widget_type=\"divider.default\">\n\t\t\t\t<div class=\"elementor-widget-container\">\n\t\t\t<style>\/*! elementor - v3.16.0 - 20-09-2023 *\/\n.elementor-widget-divider{--divider-border-style:none;--divider-border-width:1px;--divider-color:#0c0d0e;--divider-icon-size:20px;--divider-element-spacing:10px;--divider-pattern-height:24px;--divider-pattern-size:20px;--divider-pattern-url:none;--divider-pattern-repeat:repeat-x}.elementor-widget-divider .elementor-divider{display:flex}.elementor-widget-divider .elementor-divider__text{font-size:15px;line-height:1;max-width:95%}.elementor-widget-divider .elementor-divider__element{margin:0 var(--divider-element-spacing);flex-shrink:0}.elementor-widget-divider .elementor-icon{font-size:var(--divider-icon-size)}.elementor-widget-divider .elementor-divider-separator{display:flex;margin:0;direction:ltr}.elementor-widget-divider--view-line_icon .elementor-divider-separator,.elementor-widget-divider--view-line_text .elementor-divider-separator{align-items:center}.elementor-widget-divider--view-line_icon .elementor-divider-separator:after,.elementor-widget-divider--view-line_icon .elementor-divider-separator:before,.elementor-widget-divider--view-line_text .elementor-divider-separator:after,.elementor-widget-divider--view-line_text .elementor-divider-separator:before{display:block;content:\"\";border-bottom:0;flex-grow:1;border-top:var(--divider-border-width) var(--divider-border-style) var(--divider-color)}.elementor-widget-divider--element-align-left .elementor-divider .elementor-divider-separator>.elementor-divider__svg:first-of-type{flex-grow:0;flex-shrink:100}.elementor-widget-divider--element-align-left .elementor-divider-separator:before{content:none}.elementor-widget-divider--element-align-left .elementor-divider__element{margin-left:0}.elementor-widget-divider--element-align-right .elementor-divider .elementor-divider-separator>.elementor-divider__svg:last-of-type{flex-grow:0;flex-shrink:100}.elementor-widget-divider--element-align-right .elementor-divider-separator:after{content:none}.elementor-widget-divider--element-align-right .elementor-divider__element{margin-right:0}.elementor-widget-divider:not(.elementor-widget-divider--view-line_text):not(.elementor-widget-divider--view-line_icon) .elementor-divider-separator{border-top:var(--divider-border-width) var(--divider-border-style) var(--divider-color)}.elementor-widget-divider--separator-type-pattern{--divider-border-style:none}.elementor-widget-divider--separator-type-pattern.elementor-widget-divider--view-line .elementor-divider-separator,.elementor-widget-divider--separator-type-pattern:not(.elementor-widget-divider--view-line) .elementor-divider-separator:after,.elementor-widget-divider--separator-type-pattern:not(.elementor-widget-divider--view-line) .elementor-divider-separator:before,.elementor-widget-divider--separator-type-pattern:not([class*=elementor-widget-divider--view]) .elementor-divider-separator{width:100%;min-height:var(--divider-pattern-height);-webkit-mask-size:var(--divider-pattern-size) 100%;mask-size:var(--divider-pattern-size) 100%;-webkit-mask-repeat:var(--divider-pattern-repeat);mask-repeat:var(--divider-pattern-repeat);background-color:var(--divider-color);-webkit-mask-image:var(--divider-pattern-url);mask-image:var(--divider-pattern-url)}.elementor-widget-divider--no-spacing{--divider-pattern-size:auto}.elementor-widget-divider--bg-round{--divider-pattern-repeat:round}.rtl .elementor-widget-divider .elementor-divider__text{direction:rtl}.e-con-inner>.elementor-widget-divider,.e-con>.elementor-widget-divider{width:var(--container-widget-width,100%);--flex-grow:var(--container-widget-flex-grow)}<\/style>\t\t<div class=\"elementor-divider\">\n\t\t\t<span class=\"elementor-divider-separator\">\n\t\t\t\t\t\t<\/span>\n\t\t<\/div>\n\t\t\t\t<\/div>\n\t\t\t\t<\/div>\n\t\t\t\t<section class=\"elementor-section elementor-inner-section elementor-element elementor-element-7fb0c04 elementor-section-boxed elementor-section-height-default elementor-section-height-default\" data-id=\"7fb0c04\" data-element_type=\"section\">\n\t\t\t\t\t\t<div class=\"elementor-container elementor-column-gap-default\">\n\t\t\t\t\t<div class=\"elementor-column elementor-col-50 elementor-inner-column elementor-element elementor-element-07fe974\" data-id=\"07fe974\" data-element_type=\"column\">\n\t\t\t<div class=\"elementor-widget-wrap elementor-element-populated\">\n\t\t\t\t\t\t\t\t<div class=\"elementor-element elementor-element-d23ac94 elementor-widget elementor-widget-image\" data-id=\"d23ac94\" data-element_type=\"widget\" data-widget_type=\"image.default\">\n\t\t\t\t<div class=\"elementor-widget-container\">\n\t\t\t<style>\/*! elementor - v3.16.0 - 20-09-2023 *\/\n.elementor-widget-image{text-align:center}.elementor-widget-image a{display:inline-block}.elementor-widget-image a img[src$=\".svg\"]{width:48px}.elementor-widget-image img{vertical-align:middle;display:inline-block}<\/style>\t\t\t\t\t\t\t\t\t\t\t\t<img loading=\"lazy\" decoding=\"async\" width=\"300\" height=\"124\" src=\"http:\/\/reforest.webdesignbs.de\/wp-content\/uploads\/2022\/04\/GLS-Bank-Spenden-Button-300x124.png\" class=\"attachment-medium size-medium wp-image-605\" alt=\"\" srcset=\"http:\/\/reforest.webdesignbs.de\/wp-content\/uploads\/2022\/04\/GLS-Bank-Spenden-Button-300x124.png 300w, http:\/\/reforest.webdesignbs.de\/wp-content\/uploads\/2022\/04\/GLS-Bank-Spenden-Button.png 309w\" sizes=\"auto, (max-width: 300px) 100vw, 300px\" \/>\t\t\t\t\t\t\t\t\t\t\t\t\t\t\t<\/div>\n\t\t\t\t<\/div>\n\t\t\t\t\t<\/div>\n\t\t<\/div>\n\t\t\t\t<div class=\"elementor-column elementor-col-50 elementor-inner-column elementor-element elementor-element-7b78dc0\" data-id=\"7b78dc0\" data-element_type=\"column\">\n\t\t\t<div class=\"elementor-widget-wrap elementor-element-populated\">\n\t\t\t\t\t\t\t\t<div class=\"elementor-element elementor-element-43658d0 elementor-widget elementor-widget-text-editor\" data-id=\"43658d0\" data-element_type=\"widget\" data-widget_type=\"text-editor.default\">\n\t\t\t\t<div class=\"elementor-widget-container\">\n\t\t\t<style>\/*! elementor - v3.16.0 - 20-09-2023 *\/\n.elementor-widget-text-editor.elementor-drop-cap-view-stacked .elementor-drop-cap{background-color:#69727d;color:#fff}.elementor-widget-text-editor.elementor-drop-cap-view-framed .elementor-drop-cap{color:#69727d;border:3px solid;background-color:transparent}.elementor-widget-text-editor:not(.elementor-drop-cap-view-default) .elementor-drop-cap{margin-top:8px}.elementor-widget-text-editor:not(.elementor-drop-cap-view-default) .elementor-drop-cap-letter{width:1em;height:1em}.elementor-widget-text-editor .elementor-drop-cap{float:left;text-align:center;line-height:1;font-size:50px}.elementor-widget-text-editor .elementor-drop-cap-letter{display:inline-block}<\/style>\t\t\t\t<p>Spenden per Bank\u00fcberweisung.<\/p>\t\t\t\t\t\t<\/div>\n\t\t\t\t<\/div>\n\t\t\t\t<div class=\"elementor-element elementor-element-7676b52 elementor-widget elementor-widget-text-editor\" data-id=\"7676b52\" data-element_type=\"widget\" data-widget_type=\"text-editor.default\">\n\t\t\t\t<div class=\"elementor-widget-container\">\n\t\t\t\t\t\t\t<p><b>REFOREST THE WORLD n.p.w.t. gUG (haftungsbeschr\u00e4nkt)<br \/><\/b>IBAN: DE49 4306 0967 1264 6386 00<br \/>BIC: GENODEM1GLS<br \/>GLS-Bank &#8211; 44774 Bochum<\/p>\t\t\t\t\t\t<\/div>\n\t\t\t\t<\/div>\n\t\t\t\t\t<\/div>\n\t\t<\/div>\n\t\t\t\t\t\t\t<\/div>\n\t\t<\/section>\n\t\t\t\t<section class=\"elementor-section elementor-inner-section elementor-element elementor-element-1fb68a4 elementor-section-boxed elementor-section-height-default elementor-section-height-default\" data-id=\"1fb68a4\" data-element_type=\"section\">\n\t\t\t\t\t\t<div class=\"elementor-container elementor-column-gap-default\">\n\t\t\t\t\t<div class=\"make-column-clickable-elementor elementor-column elementor-col-50 elementor-inner-column elementor-element elementor-element-35287f2\" style=\"cursor: pointer;\" data-column-clickable=\"https:\/\/www.paypal.com\/donate\/?hosted_button_id=9A4ZHVJZ3LYJS\" data-column-clickable-blank=\"_blank\" data-id=\"35287f2\" data-element_type=\"column\">\n\t\t\t<div class=\"elementor-widget-wrap elementor-element-populated\">\n\t\t\t\t\t\t\t\t<div class=\"elementor-element elementor-element-5afc5a4 elementor-widget elementor-widget-html\" data-id=\"5afc5a4\" data-element_type=\"widget\" data-widget_type=\"html.default\">\n\t\t\t\t<div class=\"elementor-widget-container\">\n\t\t\t<form action=\"https:\/\/www.paypal.com\/donate\" method=\"post\" target=\"_top\" data-trp-original-action=\"https:\/\/www.paypal.com\/donate\">\r\n<input type=\"hidden\" name=\"hosted_button_id\" value=\"9A4ZHVJZ3LYJS\" \/>\r\n<input type=\"image\" src=\"http:\/\/reforest.webdesignbs.de\/wp-content\/uploads\/2022\/04\/PayPal-Logo.png\" border=\"0\" name=\"submit\" title=\"PayPal - The safer, easier way to pay online!\" alt=\"Spenden mit dem PayPal-Button\" \/>\r\n<img loading=\"lazy\" decoding=\"async\" alt=\"\" border=\"0\" src=\"https:\/\/www.paypal.com\/de_DE\/i\/scr\/pixel.gif\" width=\"1\" height=\"1\" \/>\r\n<input type=\"hidden\" name=\"trp-form-language\" value=\"th\"\/><\/form>\r\n\t\t<\/div>\n\t\t\t\t<\/div>\n\t\t\t\t\t<\/div>\n\t\t<\/div>\n\t\t\t\t<div class=\"make-column-clickable-elementor elementor-column elementor-col-50 elementor-inner-column elementor-element elementor-element-99d52a4\" style=\"cursor: pointer;\" data-column-clickable=\"https:\/\/www.paypal.com\/donate\/?hosted_button_id=9A4ZHVJZ3LYJS\" data-column-clickable-blank=\"_blank\" data-id=\"99d52a4\" data-element_type=\"column\">\n\t\t\t<div class=\"elementor-widget-wrap elementor-element-populated\">\n\t\t\t\t\t\t\t\t<div class=\"elementor-element elementor-element-c4490da elementor-widget elementor-widget-text-editor\" data-id=\"c4490da\" data-element_type=\"widget\" data-widget_type=\"text-editor.default\">\n\t\t\t\t<div class=\"elementor-widget-container\">\n\t\t\t\t\t\t\t<p>Spenden per PayPal.<\/p>\t\t\t\t\t\t<\/div>\n\t\t\t\t<\/div>\n\t\t\t\t\t<\/div>\n\t\t<\/div>\n\t\t\t\t\t\t\t<\/div>\n\t\t<\/section>\n\t\t\t\t\t<\/div>\n\t\t<\/div>\n\t\t\t\t\t\t\t<\/div>\n\t\t<\/section>\n\t\t\t\t<section class=\"elementor-section elementor-top-section elementor-element elementor-element-9a76610 elementor-section-boxed elementor-section-height-default elementor-section-height-default\" data-id=\"9a76610\" data-element_type=\"section\">\n\t\t\t\t\t\t<div class=\"elementor-container elementor-column-gap-default\">\n\t\t\t\t\t<div class=\"elementor-column elementor-col-100 elementor-top-column elementor-element elementor-element-44e28f3\" data-id=\"44e28f3\" data-element_type=\"column\">\n\t\t\t<div class=\"elementor-widget-wrap elementor-element-populated\">\n\t\t\t\t\t\t\t\t<div class=\"elementor-element elementor-element-db830c8 elementor-widget elementor-widget-html\" data-id=\"db830c8\" data-element_type=\"widget\" data-widget_type=\"html.default\">\n\t\t\t\t<div class=\"elementor-widget-container\">\n\t\t\t<script type=\"text\/javascript\">\r\n  \/* Configure at https:\/\/www.betterplace.org\/de\/manage\/projects\/110006-renaturierung-durch-wiederbewaldung-und-klimaschaedliches-co2-abbauen\/iframe_donation_form\/new *\/\r\n  var _bp_iframe        = _bp_iframe || {};\r\n  _bp_iframe.project_id = 110006; \/* REQUIRED *\/\r\n  _bp_iframe.lang       = 'de'; \/* Language of the form *\/\r\n  _bp_iframe.width = 600; \/* Custom iframe-tag-width, integer *\/\r\n  _bp_iframe.color = '549205'; \/* Button and banderole color, hex without \"#\" *\/\r\n  _bp_iframe.background_color = 'ffffff'; \/* Background-color, hex without \"#\" *\/\r\n  _bp_iframe.default_amount = 50; \/* Donation-amount, integer 1-99 *\/\r\n  _bp_iframe.recurring_interval = 'single'; \/* Interval for recurring donations, string out of single, monthly und yearly *\/\r\n  _bp_iframe.bottom_logo = true;\r\n  (function() {\r\n    var bp = document.createElement('script'); bp.type = 'text\/javascript'; bp.async = true;\r\n    bp.src = 'https:\/\/betterplace-assets.betterplace.org\/assets\/load_donation_iframe.js';\r\n    var s = document.getElementsByTagName('script')[0]; s.parentNode.insertBefore(bp, s);\r\n  })();\r\n<\/script>\r\n<div id=\"betterplace_donation_iframe\" style=\"background: transparent url('https:\/\/www.betterplace.org\/assets\/new_spinner.gif') 275px 20px no-repeat;\"><strong><a href=\"https:\/\/www.betterplace.org\/de\/donate\/platform\/projects\/110006-renaturierung-durch-wiederbewaldung-und-klimaschaedliches-co2-abbauen\">Jetzt Spenden f\u00fcr \u201eRenaturierung durch Wiederbewaldung und klimasch\u00e4dliches CO2 abbauen\u201c bei unserem Partner betterplace.org<\/a><\/strong><\/div>\r\n\t\t<\/div>\n\t\t\t\t<\/div>\n\t\t\t\t\t<\/div>\n\t\t<\/div>\n\t\t\t\t\t\t\t<\/div>\n\t\t<\/section>\n\t\t\t\t<section class=\"elementor-section elementor-top-section elementor-element elementor-element-33a4a0e elementor-section-height-min-height elementor-section-boxed elementor-section-height-default elementor-section-items-middle\" data-id=\"33a4a0e\" data-element_type=\"section\" data-settings=\"{&quot;background_background&quot;:&quot;classic&quot;}\">\n\t\t\t\t\t\t\t<div class=\"elementor-background-overlay\"><\/div>\n\t\t\t\t\t\t\t<div class=\"elementor-container elementor-column-gap-default\">\n\t\t\t\t\t<div class=\"elementor-column elementor-col-100 elementor-top-column elementor-element elementor-element-d0ba678\" data-id=\"d0ba678\" data-element_type=\"column\">\n\t\t\t<div class=\"elementor-widget-wrap elementor-element-populated\">\n\t\t\t\t\t\t\t\t<div class=\"elementor-element elementor-element-7fe7ed3 elementor-widget elementor-widget-heading\" data-id=\"7fe7ed3\" data-element_type=\"widget\" data-widget_type=\"heading.default\">\n\t\t\t\t<div class=\"elementor-widget-container\">\n\t\t\t<h2 class=\"elementor-heading-title elementor-size-default\">Unterst\u00fctzen Sie unsere Arbeit<\/h2>\t\t<\/div>\n\t\t\t\t<\/div>\n\t\t\t\t<div class=\"elementor-element elementor-element-c3d6eed elementor-widget elementor-widget-text-editor\" data-id=\"c3d6eed\" data-element_type=\"widget\" data-widget_type=\"text-editor.default\">\n\t\t\t\t<div class=\"elementor-widget-container\">\n\t\t\t\t\t\t\t<p>Sie k\u00f6nnen unsere Projekte durch Ihre Spenden unterst\u00fctzen.<\/p>\t\t\t\t\t\t<\/div>\n\t\t\t\t<\/div>\n\t\t\t\t<div class=\"elementor-element elementor-element-bd5c1a0 elementor-align-center elementor-widget elementor-widget-button\" data-id=\"bd5c1a0\" data-element_type=\"widget\" data-widget_type=\"button.default\">\n\t\t\t\t<div class=\"elementor-widget-container\">\n\t\t\t\t\t<div class=\"elementor-button-wrapper\">\n\t\t\t<a class=\"elementor-button elementor-button-link elementor-size-lg\" href=\"http:\/\/reforest.webdesignbs.de\/th\/spenden\/\">\n\t\t\t\t\t\t<span class=\"elementor-button-content-wrapper\">\n\t\t\t\t\t\t<span class=\"elementor-button-text\">Jetzt Spenden<\/span>\n\t\t<\/span>\n\t\t\t\t\t<\/a>\n\t\t<\/div>\n\t\t\t\t<\/div>\n\t\t\t\t<\/div>\n\t\t\t\t\t<\/div>\n\t\t<\/div>\n\t\t\t\t\t\t\t<\/div>\n\t\t<\/section>\n\t\t\t\t\t\t\t<\/div>","protected":false},"excerpt":{"rendered":"<p>Spenden &#8211; Dein Beitrag f\u00fcr das Klima Spenden per Bank\u00fcberweisung. REFOREST THE WORLD n.p.w.t. gUG (haftungsbeschr\u00e4nkt) IBAN: DE49 4306 0967 1264 6386 00 BIC: GENODEM1GLS GLS-Bank &#8211; 44774 Bochum Spenden per PayPal. Jetzt Spenden f\u00fcr \u201eRenaturierung durch Wiederbewaldung und klimasch\u00e4dliches CO2 abbauen\u201c bei unserem Partner betterplace.org Unterst\u00fctzen Sie unsere Arbeit Sie k\u00f6nnen unsere Projekte durch [&hellip;]<\/p>","protected":false},"author":1,"featured_media":0,"parent":0,"menu_order":0,"comment_status":"closed","ping_status":"closed","template":"templates\/page-elementor-fullsize.php","meta":{"footnotes":""},"class_list":["post-332","page","type-page","status-publish","hentry"],"yoast_head":"<!-- This site is optimized with the Yoast SEO plugin v21.2 - https:\/\/yoast.com\/wordpress\/plugins\/seo\/ -->\n<title>Spenden - Reforest The World<\/title>\n<meta name=\"robots\" content=\"index, follow, max-snippet:-1, max-image-preview:large, max-video-preview:-1\" \/>\n<link rel=\"canonical\" href=\"http:\/\/reforest.webdesignbs.de\/th\/spenden\/\" \/>\n<meta property=\"og:locale\" content=\"th_TH\" \/>\n<meta property=\"og:type\" content=\"article\" \/>\n<meta property=\"og:title\" content=\"Spenden - Reforest The World\" \/>\n<meta property=\"og:description\" content=\"Spenden &#8211; Dein Beitrag f\u00fcr das Klima Spenden per Bank\u00fcberweisung. REFOREST THE WORLD n.p.w.t. gUG (haftungsbeschr\u00e4nkt) IBAN: DE49 4306 0967 1264 6386 00 BIC: GENODEM1GLS GLS-Bank &#8211; 44774 Bochum Spenden per PayPal. Jetzt Spenden f\u00fcr \u201eRenaturierung durch Wiederbewaldung und klimasch\u00e4dliches CO2 abbauen\u201c bei unserem Partner betterplace.org Unterst\u00fctzen Sie unsere Arbeit Sie k\u00f6nnen unsere Projekte durch [&hellip;]\" \/>\n<meta property=\"og:url\" content=\"http:\/\/reforest.webdesignbs.de\/th\/spenden\/\" \/>\n<meta property=\"og:site_name\" content=\"Reforest The World\" \/>\n<meta property=\"article:modified_time\" content=\"2022-08-18T07:37:35+00:00\" \/>\n<meta property=\"og:image\" content=\"http:\/\/reforest.webdesignbs.de\/wp-content\/uploads\/2022\/04\/GLS-Bank-Spenden-Button-300x124.png\" \/>\n<meta name=\"twitter:card\" content=\"summary_large_image\" \/>\n<meta name=\"twitter:label1\" content=\"Est. reading time\" \/>\n\t<meta name=\"twitter:data1\" content=\"1 \u0e19\u0e32\u0e17\u0e35\" \/>\n<script type=\"application\/ld+json\" class=\"yoast-schema-graph\">{\"@context\":\"https:\/\/schema.org\",\"@graph\":[{\"@type\":\"WebPage\",\"@id\":\"http:\/\/reforest.webdesignbs.de\/spenden\/\",\"url\":\"http:\/\/reforest.webdesignbs.de\/spenden\/\",\"name\":\"Spenden - Reforest The World\",\"isPartOf\":{\"@id\":\"http:\/\/reforest.webdesignbs.de\/#website\"},\"datePublished\":\"2022-03-07T21:59:59+00:00\",\"dateModified\":\"2022-08-18T07:37:35+00:00\",\"breadcrumb\":{\"@id\":\"http:\/\/reforest.webdesignbs.de\/spenden\/#breadcrumb\"},\"inLanguage\":\"th\",\"potentialAction\":[{\"@type\":\"ReadAction\",\"target\":[\"http:\/\/reforest.webdesignbs.de\/spenden\/\"]}]},{\"@type\":\"BreadcrumbList\",\"@id\":\"http:\/\/reforest.webdesignbs.de\/spenden\/#breadcrumb\",\"itemListElement\":[{\"@type\":\"ListItem\",\"position\":1,\"name\":\"Startseite\",\"item\":\"http:\/\/reforest.webdesignbs.de\/\"},{\"@type\":\"ListItem\",\"position\":2,\"name\":\"Spenden\"}]},{\"@type\":\"WebSite\",\"@id\":\"http:\/\/reforest.webdesignbs.de\/#website\",\"url\":\"http:\/\/reforest.webdesignbs.de\/\",\"name\":\"Reforest The World\",\"description\":\"Just another WordPress site\",\"potentialAction\":[{\"@type\":\"SearchAction\",\"target\":{\"@type\":\"EntryPoint\",\"urlTemplate\":\"http:\/\/reforest.webdesignbs.de\/?s={search_term_string}\"},\"query-input\":\"required name=search_term_string\"}],\"inLanguage\":\"th\"}]}<\/script>\n<!-- \/ Yoast SEO plugin. -->","yoast_head_json":{"title":"Spenden - Reforest The World","robots":{"index":"index","follow":"follow","max-snippet":"max-snippet:-1","max-image-preview":"max-image-preview:large","max-video-preview":"max-video-preview:-1"},"canonical":"http:\/\/reforest.webdesignbs.de\/th\/spenden\/","og_locale":"th_TH","og_type":"article","og_title":"Spenden - Reforest The World","og_description":"Spenden &#8211; Dein Beitrag f\u00fcr das Klima Spenden per Bank\u00fcberweisung. REFOREST THE WORLD n.p.w.t. gUG (haftungsbeschr\u00e4nkt) IBAN: DE49 4306 0967 1264 6386 00 BIC: GENODEM1GLS GLS-Bank &#8211; 44774 Bochum Spenden per PayPal. Jetzt Spenden f\u00fcr \u201eRenaturierung durch Wiederbewaldung und klimasch\u00e4dliches CO2 abbauen\u201c bei unserem Partner betterplace.org Unterst\u00fctzen Sie unsere Arbeit Sie k\u00f6nnen unsere Projekte durch [&hellip;]","og_url":"http:\/\/reforest.webdesignbs.de\/th\/spenden\/","og_site_name":"Reforest The World","article_modified_time":"2022-08-18T07:37:35+00:00","og_image":[{"url":"http:\/\/reforest.webdesignbs.de\/wp-content\/uploads\/2022\/04\/GLS-Bank-Spenden-Button-300x124.png"}],"twitter_card":"summary_large_image","twitter_misc":{"Est. reading time":"1 \u0e19\u0e32\u0e17\u0e35"},"schema":{"@context":"https:\/\/schema.org","@graph":[{"@type":"WebPage","@id":"http:\/\/reforest.webdesignbs.de\/spenden\/","url":"http:\/\/reforest.webdesignbs.de\/spenden\/","name":"Spenden - Reforest The World","isPartOf":{"@id":"http:\/\/reforest.webdesignbs.de\/#website"},"datePublished":"2022-03-07T21:59:59+00:00","dateModified":"2022-08-18T07:37:35+00:00","breadcrumb":{"@id":"http:\/\/reforest.webdesignbs.de\/spenden\/#breadcrumb"},"inLanguage":"th","potentialAction":[{"@type":"ReadAction","target":["http:\/\/reforest.webdesignbs.de\/spenden\/"]}]},{"@type":"BreadcrumbList","@id":"http:\/\/reforest.webdesignbs.de\/spenden\/#breadcrumb","itemListElement":[{"@type":"ListItem","position":1,"name":"Startseite","item":"http:\/\/reforest.webdesignbs.de\/"},{"@type":"ListItem","position":2,"name":"Spenden"}]},{"@type":"WebSite","@id":"http:\/\/reforest.webdesignbs.de\/#website","url":"http:\/\/reforest.webdesignbs.de\/","name":"Reforest The World","description":"Just another WordPress site","potentialAction":[{"@type":"SearchAction","target":{"@type":"EntryPoint","urlTemplate":"http:\/\/reforest.webdesignbs.de\/?s={search_term_string}"},"query-input":"required name=search_term_string"}],"inLanguage":"th"}]}},"_links":{"self":[{"href":"http:\/\/reforest.webdesignbs.de\/th\/wp-json\/wp\/v2\/pages\/332","targetHints":{"allow":["GET"]}}],"collection":[{"href":"http:\/\/reforest.webdesignbs.de\/th\/wp-json\/wp\/v2\/pages"}],"about":[{"href":"http:\/\/reforest.webdesignbs.de\/th\/wp-json\/wp\/v2\/types\/page"}],"author":[{"embeddable":true,"href":"http:\/\/reforest.webdesignbs.de\/th\/wp-json\/wp\/v2\/users\/1"}],"replies":[{"embeddable":true,"href":"http:\/\/reforest.webdesignbs.de\/th\/wp-json\/wp\/v2\/comments?post=332"}],"version-history":[{"count":10,"href":"http:\/\/reforest.webdesignbs.de\/th\/wp-json\/wp\/v2\/pages\/332\/revisions"}],"predecessor-version":[{"id":1017,"href":"http:\/\/reforest.webdesignbs.de\/th\/wp-json\/wp\/v2\/pages\/332\/revisions\/1017"}],"wp:attachment":[{"href":"http:\/\/reforest.webdesignbs.de\/th\/wp-json\/wp\/v2\/media?parent=332"}],"curies":[{"name":"wp","href":"https:\/\/api.w.org\/{rel}","templated":true}]}}